{"id":239,"date":"2023-03-16T20:02:04","date_gmt":"2023-03-16T20:02:04","guid":{"rendered":"https:\/\/congreso.unibe.edu.ec\/?page_id=239"},"modified":"2025-09-02T17:10:15","modified_gmt":"2025-09-02T17:10:15","slug":"objetivos","status":"publish","type":"page","link":"https:\/\/congreso.unibe.edu.ec\/?page_id=239","title":{"rendered":"Objetivos"},"content":{"rendered":"\t\t<div data-elementor-type=\"wp-page\" data-elementor-id=\"239\" class=\"elementor elementor-239\" data-elementor-post-type=\"page\">\n\t\t\t\t\t\t<section class=\"elementor-section elementor-top-section elementor-element elementor-element-3a0788c9 elementor-section-full_width elementor-section-height-default elementor-section-height-default\" data-id=\"3a0788c9\" data-element_type=\"section\" data-settings=\"{&quot;background_background&quot;:&quot;classic&quot;,&quot;background_motion_fx_motion_fx_scrolling&quot;:&quot;yes&quot;,&quot;background_motion_fx_scale_effect&quot;:&quot;yes&quot;,&quot;background_motion_fx_scale_speed&quot;:{&quot;unit&quot;:&quot;px&quot;,&quot;size&quot;:5,&quot;sizes&quot;:[]},&quot;background_motion_fx_scale_range&quot;:{&quot;unit&quot;:&quot;%&quot;,&quot;size&quot;:&quot;&quot;,&quot;sizes&quot;:{&quot;start&quot;:21,&quot;end&quot;:100}},&quot;background_motion_fx_motion_fx_mouse&quot;:&quot;yes&quot;,&quot;background_motion_fx_mouseTrack_effect&quot;:&quot;yes&quot;,&quot;background_motion_fx_mouseTrack_speed&quot;:{&quot;unit&quot;:&quot;px&quot;,&quot;size&quot;:0.4,&quot;sizes&quot;:[]},&quot;background_motion_fx_scale_direction&quot;:&quot;out-in&quot;,&quot;background_motion_fx_devices&quot;:[&quot;desktop&quot;,&quot;tablet&quot;,&quot;mobile&quot;]}\">\n\t\t\t\t\t\t<div class=\"elementor-container elementor-column-gap-default\">\n\t\t\t\t\t<div class=\"elementor-column elementor-col-100 elementor-top-column elementor-element elementor-element-8a2ae1f\" data-id=\"8a2ae1f\" data-element_type=\"column\">\n\t\t\t<div class=\"elementor-widget-wrap elementor-element-populated\">\n\t\t\t\t\t\t<div class=\"elementor-element elementor-element-6492feaa elementor-widget elementor-widget-spacer\" data-id=\"6492feaa\" data-element_type=\"widget\" data-widget_type=\"spacer.default\">\n\t\t\t\t<div class=\"elementor-widget-container\">\n\t\t\t\t\t\t\t<div class=\"elementor-spacer\">\n\t\t\t<div class=\"elementor-spacer-inner\"><\/div>\n\t\t<\/div>\n\t\t\t\t\t\t<\/div>\n\t\t\t\t<\/div>\n\t\t\t\t<div class=\"elementor-element elementor-element-31657241 elementor-widget elementor-widget-heading\" data-id=\"31657241\" data-element_type=\"widget\" data-widget_type=\"heading.default\">\n\t\t\t\t<div class=\"elementor-widget-container\">\n\t\t\t\t\t<h2 class=\"elementor-heading-title elementor-size-default\">OBJETIVOS<\/h2>\t\t\t\t<\/div>\n\t\t\t\t<\/div>\n\t\t\t\t<div class=\"elementor-element elementor-element-7ffcfd6e elementor-widget elementor-widget-spacer\" data-id=\"7ffcfd6e\" data-element_type=\"widget\" data-widget_type=\"spacer.default\">\n\t\t\t\t<div class=\"elementor-widget-container\">\n\t\t\t\t\t\t\t<div class=\"elementor-spacer\">\n\t\t\t<div class=\"elementor-spacer-inner\"><\/div>\n\t\t<\/div>\n\t\t\t\t\t\t<\/div>\n\t\t\t\t<\/div>\n\t\t\t\t\t<\/div>\n\t\t<\/div>\n\t\t\t\t\t<\/div>\n\t\t<\/section>\n\t\t\t\t<section class=\"elementor-section elementor-top-section elementor-element elementor-element-73bedc7 elementor-section-full_width elementor-section-height-default elementor-section-height-default\" data-id=\"73bedc7\" data-element_type=\"section\">\n\t\t\t\t\t\t<div class=\"elementor-container elementor-column-gap-extended\">\n\t\t\t\t\t<div class=\"elementor-column elementor-col-100 elementor-top-column elementor-element elementor-element-ecc9ed9\" data-id=\"ecc9ed9\" data-element_type=\"column\">\n\t\t\t<div class=\"elementor-widget-wrap elementor-element-populated\">\n\t\t\t\t\t\t<div class=\"elementor-element elementor-element-a91a6cd elementor-widget elementor-widget-heading\" data-id=\"a91a6cd\" data-element_type=\"widget\" data-widget_type=\"heading.default\">\n\t\t\t\t<div class=\"elementor-widget-container\">\n\t\t\t\t\t<h2 class=\"elementor-heading-title elementor-size-default\">Crear un espacio din\u00e1mico y enriquecedor \npara el intercambio y la construcci\u00f3n colectiva del conocimiento, reuniendo a \nprofesionales del \u00e1mbito educativo, la innovaci\u00f3n y el emprendimiento de \ndiversas regiones del mundo hispanohablante.<\/h2>\t\t\t\t<\/div>\n\t\t\t\t<\/div>\n\t\t\t\t\t<\/div>\n\t\t<\/div>\n\t\t\t\t\t<\/div>\n\t\t<\/section>\n\t\t\t\t<section class=\"elementor-section elementor-top-section elementor-element elementor-element-2d1291ee elementor-section-full_width elementor-section-content-middle elementor-section-height-default elementor-section-height-default\" data-id=\"2d1291ee\" data-element_type=\"section\" data-settings=\"{&quot;background_background&quot;:&quot;classic&quot;}\">\n\t\t\t\t\t\t<div class=\"elementor-container elementor-column-gap-no\">\n\t\t\t\t\t<div class=\"elementor-column elementor-col-50 elementor-top-column elementor-element elementor-element-50d0e016\" data-id=\"50d0e016\" data-element_type=\"column\" data-settings=\"{&quot;background_background&quot;:&quot;classic&quot;}\">\n\t\t\t<div class=\"elementor-widget-wrap\">\n\t\t\t\t\t<div class=\"elementor-background-overlay\"><\/div>\n\t\t\t\t\t\t\t<\/div>\n\t\t<\/div>\n\t\t\t\t<div class=\"elementor-column elementor-col-50 elementor-top-column elementor-element elementor-element-552e6303\" data-id=\"552e6303\" data-element_type=\"column\">\n\t\t\t<div class=\"elementor-widget-wrap elementor-element-populated\">\n\t\t\t\t\t\t<div class=\"elementor-element elementor-element-6feece9 elementor-widget elementor-widget-heading\" data-id=\"6feece9\" data-element_type=\"widget\" data-widget_type=\"heading.default\">\n\t\t\t\t<div class=\"elementor-widget-container\">\n\t\t\t\t\t<h2 class=\"elementor-heading-title elementor-size-default\">\u2022Fomentar un espacio de di\u00e1logo y encuentro que estimule la cultura \nde investigaci\u00f3n, innovaci\u00f3n y emprendimiento, promoviendo el \nintercambio de experiencias, investigaciones y buenas pr\u00e1cticas. A trav\u00e9s \nde este intercambio, se busca fortalecer Redes de Conocimiento que \nfaciliten la transferencia de saberes y potencien la colaboraci\u00f3n \ninterdisciplinaria, \nincorporando tendencias emergentes como la \nInteligencia Artificial (IA) en estos campos. <br><br>\n\n\u2022Brindar a los participantes la oportunidad de expandir sus redes de \ncontacto y networking con otros actores clave que comparten intereses \ncomunes. Este congreso servir\u00e1 como plataforma para generar sinergias \nestrat\u00e9gicas que impulsen el desarrollo de acciones conjuntas orientadas \nal estudio, la aplicaci\u00f3n y el mejoramiento de las condiciones de \ninvestigaci\u00f3n, innovaci\u00f3n y emprendimiento en un entorno cada vez m\u00e1s \ndigitalizado. <br><br>\n\u2022 Sensibilizar a la comunidad acad\u00e9mica, cient\u00edfica y emprendedora \nsobre la importancia de promover y consolidar una cultura de intercambio \nde saberes s\u00f3lida, eficiente y de car\u00e1cter cient\u00edfico. Se busca impulsar un \ncambio de paradigma que trascienda enfoques unilaterales y favorezca \nun modelo colaborativo y multilateral, aprovechando las oportunidades \nque brindan la IA y otras tecnolog\u00edas emergentes para la transformaci\u00f3n \ndel conocimiento. <br><br>\n\u2022 Difundir investigaciones e iniciativas innovadoras relacionadas con la \ncreatividad, la tecnolog\u00eda y la innovaci\u00f3n en distintas \u00e1reas del saber, \ntanto a nivel nacional como internacional. Se dar\u00e1 especial \u00e9nfasis a los \navances que integran la IA y otras herramientas tecnol\u00f3gicas en la \neducaci\u00f3n, la innovaci\u00f3n y el emprendimiento, destacando su impacto en \nla generaci\u00f3n de soluciones disruptivas y en la evoluci\u00f3n de los \necosistemas de conocimiento. \n<\/h2>\t\t\t\t<\/div>\n\t\t\t\t<\/div>\n\t\t\t\t\t<\/div>\n\t\t<\/div>\n\t\t\t\t\t<\/div>\n\t\t<\/section>\n\t\t\t\t<section class=\"elementor-section elementor-top-section elementor-element elementor-element-7c1bf0b elementor-section-boxed elementor-section-height-default elementor-section-height-default\" data-id=\"7c1bf0b\" data-element_type=\"section\">\n\t\t\t\t\t\t<div class=\"elementor-container elementor-column-gap-default\">\n\t\t\t\t\t<div class=\"elementor-column elementor-col-100 elementor-top-column elementor-element elementor-element-85d7c68\" data-id=\"85d7c68\" data-element_type=\"column\">\n\t\t\t<div class=\"elementor-widget-wrap\">\n\t\t\t\t\t\t\t<\/div>\n\t\t<\/div>\n\t\t\t\t\t<\/div>\n\t\t<\/section>\n\t\t\t\t<\/div>\n\t\t","protected":false},"excerpt":{"rendered":"<p>OBJETIVOS Crear un espacio din\u00e1mico y enriquecedor para el intercambio y la construcci\u00f3n colectiva del conocimiento, reuniendo a profesionales del \u00e1mbito educativo, la innovaci\u00f3n y el emprendimiento de diversas regiones del mundo hispanohablante. \u2022Fomentar un espacio de di\u00e1logo y encuentro que estimule la cultura de investigaci\u00f3n, innovaci\u00f3n y emprendimiento, promoviendo el intercambio de experiencias, investigaciones [&hellip;]<\/p>\n","protected":false},"author":1,"featured_media":0,"parent":0,"menu_order":0,"comment_status":"closed","ping_status":"closed","template":"page-templates\/full-width-page.php","meta":{"footnotes":""},"class_list":["post-239","page","type-page","status-publish","hentry"],"_links":{"self":[{"href":"https:\/\/congreso.unibe.edu.ec\/index.php?rest_route=\/wp\/v2\/pages\/239","targetHints":{"allow":["GET"]}}],"collection":[{"href":"https:\/\/congreso.unibe.edu.ec\/index.php?rest_route=\/wp\/v2\/pages"}],"about":[{"href":"https:\/\/congreso.unibe.edu.ec\/index.php?rest_route=\/wp\/v2\/types\/page"}],"author":[{"embeddable":true,"href":"https:\/\/congreso.unibe.edu.ec\/index.php?rest_route=\/wp\/v2\/users\/1"}],"replies":[{"embeddable":true,"href":"https:\/\/congreso.unibe.edu.ec\/index.php?rest_route=%2Fwp%2Fv2%2Fcomments&post=239"}],"version-history":[{"count":20,"href":"https:\/\/congreso.unibe.edu.ec\/index.php?rest_route=\/wp\/v2\/pages\/239\/revisions"}],"predecessor-version":[{"id":2477,"href":"https:\/\/congreso.unibe.edu.ec\/index.php?rest_route=\/wp\/v2\/pages\/239\/revisions\/2477"}],"wp:attachment":[{"href":"https:\/\/congreso.unibe.edu.ec\/index.php?rest_route=%2Fwp%2Fv2%2Fmedia&parent=239"}],"curies":[{"name":"wp","href":"https:\/\/api.w.org\/{rel}","templated":true}]}}