{"id":265,"date":"2023-03-16T20:08:28","date_gmt":"2023-03-16T20:08:28","guid":{"rendered":"https:\/\/congreso.unibe.edu.ec\/?page_id=265"},"modified":"2025-09-12T16:37:51","modified_gmt":"2025-09-12T16:37:51","slug":"normas","status":"publish","type":"page","link":"https:\/\/congreso.unibe.edu.ec\/?page_id=265","title":{"rendered":"Normas"},"content":{"rendered":"\t\t<div data-elementor-type=\"wp-page\" data-elementor-id=\"265\" class=\"elementor elementor-265\" data-elementor-post-type=\"page\">\n\t\t\t\t\t\t<section class=\"elementor-section elementor-top-section elementor-element elementor-element-2cfca755 elementor-section-boxed elementor-section-height-default elementor-section-height-default\" data-id=\"2cfca755\" data-element_type=\"section\" data-settings=\"{&quot;background_background&quot;:&quot;classic&quot;,&quot;background_motion_fx_motion_fx_scrolling&quot;:&quot;yes&quot;,&quot;background_motion_fx_scale_effect&quot;:&quot;yes&quot;,&quot;background_motion_fx_scale_speed&quot;:{&quot;unit&quot;:&quot;px&quot;,&quot;size&quot;:5,&quot;sizes&quot;:[]},&quot;background_motion_fx_scale_range&quot;:{&quot;unit&quot;:&quot;%&quot;,&quot;size&quot;:&quot;&quot;,&quot;sizes&quot;:{&quot;start&quot;:21,&quot;end&quot;:100}},&quot;background_motion_fx_motion_fx_mouse&quot;:&quot;yes&quot;,&quot;background_motion_fx_mouseTrack_effect&quot;:&quot;yes&quot;,&quot;background_motion_fx_mouseTrack_speed&quot;:{&quot;unit&quot;:&quot;px&quot;,&quot;size&quot;:0.4,&quot;sizes&quot;:[]},&quot;background_motion_fx_scale_direction&quot;:&quot;out-in&quot;,&quot;background_motion_fx_devices&quot;:[&quot;desktop&quot;,&quot;tablet&quot;,&quot;mobile&quot;]}\">\n\t\t\t\t\t\t<div class=\"elementor-container elementor-column-gap-default\">\n\t\t\t\t\t<div class=\"elementor-column elementor-col-100 elementor-top-column elementor-element elementor-element-21e9e663\" data-id=\"21e9e663\" data-element_type=\"column\">\n\t\t\t<div class=\"elementor-widget-wrap elementor-element-populated\">\n\t\t\t\t\t\t<div class=\"elementor-element elementor-element-2b0f5787 elementor-widget elementor-widget-spacer\" data-id=\"2b0f5787\" data-element_type=\"widget\" data-widget_type=\"spacer.default\">\n\t\t\t\t<div class=\"elementor-widget-container\">\n\t\t\t\t\t\t\t<div class=\"elementor-spacer\">\n\t\t\t<div class=\"elementor-spacer-inner\"><\/div>\n\t\t<\/div>\n\t\t\t\t\t\t<\/div>\n\t\t\t\t<\/div>\n\t\t\t\t<div class=\"elementor-element elementor-element-1c60769 elementor-widget elementor-widget-heading\" data-id=\"1c60769\" data-element_type=\"widget\" data-widget_type=\"heading.default\">\n\t\t\t\t<div class=\"elementor-widget-container\">\n\t\t\t\t\t<h2 class=\"elementor-heading-title elementor-size-default\">NORMAS<\/h2>\t\t\t\t<\/div>\n\t\t\t\t<\/div>\n\t\t\t\t<div class=\"elementor-element elementor-element-35689920 elementor-widget elementor-widget-spacer\" data-id=\"35689920\" data-element_type=\"widget\" data-widget_type=\"spacer.default\">\n\t\t\t\t<div class=\"elementor-widget-container\">\n\t\t\t\t\t\t\t<div class=\"elementor-spacer\">\n\t\t\t<div class=\"elementor-spacer-inner\"><\/div>\n\t\t<\/div>\n\t\t\t\t\t\t<\/div>\n\t\t\t\t<\/div>\n\t\t\t\t\t<\/div>\n\t\t<\/div>\n\t\t\t\t\t<\/div>\n\t\t<\/section>\n\t\t\t\t<section class=\"elementor-section elementor-top-section elementor-element elementor-element-0edc2f1 elementor-section-boxed elementor-section-height-default elementor-section-height-default\" data-id=\"0edc2f1\" data-element_type=\"section\">\n\t\t\t\t\t\t<div class=\"elementor-container elementor-column-gap-default\">\n\t\t\t\t\t<div class=\"elementor-column elementor-col-50 elementor-top-column elementor-element elementor-element-2d2e2db\" data-id=\"2d2e2db\" data-element_type=\"column\">\n\t\t\t<div class=\"elementor-widget-wrap elementor-element-populated\">\n\t\t\t\t\t\t<div class=\"elementor-element elementor-element-0051a87 elementor-widget elementor-widget-image\" data-id=\"0051a87\" data-element_type=\"widget\" data-widget_type=\"image.default\">\n\t\t\t\t<div class=\"elementor-widget-container\">\n\t\t\t\t\t\t\t\t\t\t\t\t\t\t\t<img fetchpriority=\"high\" decoding=\"async\" width=\"768\" height=\"513\" src=\"https:\/\/congreso.unibe.edu.ec\/wp-content\/uploads\/2025\/09\/scott-graham-5fNmWej4tAA-unsplash-768x513.jpg\" class=\"attachment-medium_large size-medium_large wp-image-2499\" alt=\"\" srcset=\"https:\/\/congreso.unibe.edu.ec\/wp-content\/uploads\/2025\/09\/scott-graham-5fNmWej4tAA-unsplash-768x513.jpg 768w, https:\/\/congreso.unibe.edu.ec\/wp-content\/uploads\/2025\/09\/scott-graham-5fNmWej4tAA-unsplash-300x200.jpg 300w, https:\/\/congreso.unibe.edu.ec\/wp-content\/uploads\/2025\/09\/scott-graham-5fNmWej4tAA-unsplash-1024x683.jpg 1024w, https:\/\/congreso.unibe.edu.ec\/wp-content\/uploads\/2025\/09\/scott-graham-5fNmWej4tAA-unsplash-1536x1025.jpg 1536w, https:\/\/congreso.unibe.edu.ec\/wp-content\/uploads\/2025\/09\/scott-graham-5fNmWej4tAA-unsplash-2048x1367.jpg 2048w\" sizes=\"(max-width: 768px) 100vw, 768px\" \/>\t\t\t\t\t\t\t\t\t\t\t\t\t\t\t<\/div>\n\t\t\t\t<\/div>\n\t\t\t\t\t<\/div>\n\t\t<\/div>\n\t\t\t\t<div class=\"elementor-column elementor-col-50 elementor-top-column elementor-element elementor-element-3f39231\" data-id=\"3f39231\" data-element_type=\"column\">\n\t\t\t<div class=\"elementor-widget-wrap elementor-element-populated\">\n\t\t\t\t\t\t<div class=\"elementor-element elementor-element-9274a1d elementor-widget elementor-widget-text-editor\" data-id=\"9274a1d\" data-element_type=\"widget\" data-widget_type=\"text-editor.default\">\n\t\t\t\t<div class=\"elementor-widget-container\">\n\t\t\t\t\t\t\t\t\t<p><br><\/p><p><br><\/p><p>Las ponencias ser\u00e1n evaluadas mediante un panel de expertos modalidad doble ciego, especializados en cada una de las disciplinas cubiertas en el congreso, encargados de realizar la revisi\u00f3n t\u00e9cnica de los documentos y de emitir un veredicto de aceptado o rechazado.<\/p>\n<p>Las ponencias se presentar\u00e1n en correspondencia con las tem\u00e1ticas formuladas teniendo en cuenta las siguientes especificaciones:<\/p>\t\t\t\t\t\t\t\t<\/div>\n\t\t\t\t<\/div>\n\t\t\t\t\t<\/div>\n\t\t<\/div>\n\t\t\t\t\t<\/div>\n\t\t<\/section>\n\t\t\t\t<section class=\"elementor-section elementor-top-section elementor-element elementor-element-ecb3477 elementor-section-boxed elementor-section-height-default elementor-section-height-default\" data-id=\"ecb3477\" data-element_type=\"section\">\n\t\t\t\t\t\t<div class=\"elementor-container elementor-column-gap-default\">\n\t\t\t\t\t<div class=\"elementor-column elementor-col-100 elementor-top-column elementor-element elementor-element-c7569a1\" data-id=\"c7569a1\" data-element_type=\"column\">\n\t\t\t<div class=\"elementor-widget-wrap elementor-element-populated\">\n\t\t\t\t\t\t<div class=\"elementor-element elementor-element-82ed757 elementor-widget elementor-widget-heading\" data-id=\"82ed757\" data-element_type=\"widget\" data-widget_type=\"heading.default\">\n\t\t\t\t<div class=\"elementor-widget-container\">\n\t\t\t\t\t<h2 class=\"elementor-heading-title elementor-size-default\">Versi\u00f3n resumen<\/h2>\t\t\t\t<\/div>\n\t\t\t\t<\/div>\n\t\t\t\t\t<\/div>\n\t\t<\/div>\n\t\t\t\t\t<\/div>\n\t\t<\/section>\n\t\t\t\t<section class=\"elementor-section elementor-top-section elementor-element elementor-element-9fd91ec elementor-section-boxed elementor-section-height-default elementor-section-height-default\" data-id=\"9fd91ec\" data-element_type=\"section\">\n\t\t\t\t\t\t<div class=\"elementor-container elementor-column-gap-default\">\n\t\t\t\t\t<div class=\"elementor-column elementor-col-100 elementor-top-column elementor-element elementor-element-18a48e0\" data-id=\"18a48e0\" data-element_type=\"column\">\n\t\t\t<div class=\"elementor-widget-wrap elementor-element-populated\">\n\t\t\t\t\t\t<div class=\"elementor-element elementor-element-7b071d7 elementor-widget elementor-widget-text-editor\" data-id=\"7b071d7\" data-element_type=\"widget\" data-widget_type=\"text-editor.default\">\n\t\t\t\t<div class=\"elementor-widget-container\">\n\t\t\t\t\t\t\t\t\t<p>Debe responder a las siguientes caracter\u00edsticas:<\/p><p>RESUMEN<\/p><p>Resumen (m\u00ednimo 400 y m\u00e1ximo 500 palabras) en espa\u00f1ol y traducida al ingl\u00e9s, el cual debe contener: breve introducci\u00f3n, objetivos, marco referencial, metodolog\u00eda, resultados, conclusiones y referencias bibliogr\u00e1ficas<\/p><p>Palabra clave: Hasta cinco palabras.<\/p>\t\t\t\t\t\t\t\t<\/div>\n\t\t\t\t<\/div>\n\t\t\t\t\t<\/div>\n\t\t<\/div>\n\t\t\t\t\t<\/div>\n\t\t<\/section>\n\t\t\t\t<section class=\"elementor-section elementor-top-section elementor-element elementor-element-e6005e8 elementor-section-boxed elementor-section-height-default elementor-section-height-default\" data-id=\"e6005e8\" data-element_type=\"section\">\n\t\t\t\t\t\t<div class=\"elementor-container elementor-column-gap-default\">\n\t\t\t\t\t<div class=\"elementor-column elementor-col-100 elementor-top-column elementor-element elementor-element-e553f44\" data-id=\"e553f44\" data-element_type=\"column\">\n\t\t\t<div class=\"elementor-widget-wrap\">\n\t\t\t\t\t\t\t<\/div>\n\t\t<\/div>\n\t\t\t\t\t<\/div>\n\t\t<\/section>\n\t\t\t\t<section class=\"elementor-section elementor-top-section elementor-element elementor-element-1652c15 elementor-section-boxed elementor-section-height-default elementor-section-height-default\" data-id=\"1652c15\" data-element_type=\"section\">\n\t\t\t\t\t\t<div class=\"elementor-container elementor-column-gap-default\">\n\t\t\t\t\t<div class=\"elementor-column elementor-col-100 elementor-top-column elementor-element elementor-element-8efd376\" data-id=\"8efd376\" data-element_type=\"column\">\n\t\t\t<div class=\"elementor-widget-wrap elementor-element-populated\">\n\t\t\t\t\t\t<div class=\"elementor-element elementor-element-0f71f56 elementor-widget-divider--view-line elementor-widget elementor-widget-divider\" data-id=\"0f71f56\" data-element_type=\"widget\" data-widget_type=\"divider.default\">\n\t\t\t\t<div class=\"elementor-widget-container\">\n\t\t\t\t\t\t\t<div class=\"elementor-divider\">\n\t\t\t<span class=\"elementor-divider-separator\">\n\t\t\t\t\t\t<\/span>\n\t\t<\/div>\n\t\t\t\t\t\t<\/div>\n\t\t\t\t<\/div>\n\t\t\t\t<div class=\"elementor-element elementor-element-958b3fd elementor-align-center elementor-widget elementor-widget-button\" data-id=\"958b3fd\" data-element_type=\"widget\" data-widget_type=\"button.default\">\n\t\t\t\t<div class=\"elementor-widget-container\">\n\t\t\t\t\t\t\t\t\t<div class=\"elementor-button-wrapper\">\n\t\t\t\t\t<a class=\"elementor-button elementor-button-link elementor-size-sm elementor-animation-grow\" href=\"https:\/\/congreso.unibe.edu.ec\/wp-content\/uploads\/2025\/09\/R_Plantilla-de-Resumen-III-Congreso-UNIB.E-2025.docx\">\n\t\t\t\t\t\t<span class=\"elementor-button-content-wrapper\">\n\t\t\t\t\t\t<span class=\"elementor-button-icon\">\n\t\t\t\t<i aria-hidden=\"true\" class=\"fas fa-arrow-down\"><\/i>\t\t\t<\/span>\n\t\t\t\t\t\t\t\t\t<span class=\"elementor-button-text\">Descarga Plantilla de Resumen Congreso<\/span>\n\t\t\t\t\t<\/span>\n\t\t\t\t\t<\/a>\n\t\t\t\t<\/div>\n\t\t\t\t\t\t\t\t<\/div>\n\t\t\t\t<\/div>\n\t\t\t\t\t<\/div>\n\t\t<\/div>\n\t\t\t\t\t<\/div>\n\t\t<\/section>\n\t\t\t\t<section class=\"elementor-section elementor-top-section elementor-element elementor-element-22352db elementor-section-boxed elementor-section-height-default elementor-section-height-default\" data-id=\"22352db\" data-element_type=\"section\">\n\t\t\t\t\t\t<div class=\"elementor-container elementor-column-gap-default\">\n\t\t\t\t\t<div class=\"elementor-column elementor-col-100 elementor-top-column elementor-element elementor-element-665cdb3\" data-id=\"665cdb3\" data-element_type=\"column\">\n\t\t\t<div class=\"elementor-widget-wrap elementor-element-populated\">\n\t\t\t\t\t\t<div class=\"elementor-element elementor-element-68b15a0 elementor-widget elementor-widget-heading\" data-id=\"68b15a0\" data-element_type=\"widget\" data-widget_type=\"heading.default\">\n\t\t\t\t<div class=\"elementor-widget-container\">\n\t\t\t\t\t<h2 class=\"elementor-heading-title elementor-size-default\">Versi\u00f3n extendida<\/h2>\t\t\t\t<\/div>\n\t\t\t\t<\/div>\n\t\t\t\t\t<\/div>\n\t\t<\/div>\n\t\t\t\t\t<\/div>\n\t\t<\/section>\n\t\t\t\t<section class=\"elementor-section elementor-top-section elementor-element elementor-element-4df4820 elementor-section-boxed elementor-section-height-default elementor-section-height-default\" data-id=\"4df4820\" data-element_type=\"section\">\n\t\t\t\t\t\t<div class=\"elementor-container elementor-column-gap-default\">\n\t\t\t\t\t<div class=\"elementor-column elementor-col-100 elementor-top-column elementor-element elementor-element-d0644f4\" data-id=\"d0644f4\" data-element_type=\"column\">\n\t\t\t<div class=\"elementor-widget-wrap elementor-element-populated\">\n\t\t\t\t\t\t<div class=\"elementor-element elementor-element-26e4089 elementor-widget elementor-widget-text-editor\" data-id=\"26e4089\" data-element_type=\"widget\" data-widget_type=\"text-editor.default\">\n\t\t\t\t<div class=\"elementor-widget-container\">\n\t\t\t\t\t\t\t\t\t<p>Para tributar a esta modalidad debe primero ser aprobada la versi\u00f3n en formato resumen y con el veredicto puede proceder a (Revista Qualitas)<\/p><p>El manuscrito debe contener entre 2000 a 6000 palabras (desarrolladas en un m\u00ednimo de 5 y un m\u00e1ximo de 15 p\u00e1ginas A5) de extensi\u00f3n, incluir los siguientes elementos de manera obligatoria en cada manuscrito:<\/p><p>P\u00e1gina 1: T\u00edtulo<\/p><p>P\u00e1gina 1: Resumen (en idioma espa\u00f1ol)<\/p><p>P\u00e1gina 1: Palabras clave (en espa\u00f1ol).<\/p><p>P\u00e1gina 2: \u201cAbstract\u201d (Versi\u00f3n en ingl\u00e9s del Resumen).<\/p><p>P\u00e1gina 2: Key Words (en ingl\u00e9s).<\/p><p>Las p\u00e1ginas subsecuentes del manuscrito deber\u00e1n pertenecer a las siguientes secciones:<\/p><p>1. Introducci\u00f3n<\/p><p>2. Metodolog\u00eda (incluyendo el \u00c1rea geogr\u00e1fica de trabajo cuando aplicare)<\/p><p>3. Resultados y Discusi\u00f3n<\/p><p>4. Conclusiones y Recomendaciones<\/p><p style=\"margin-bottom: 0px;\">5. Referencias Bibliogr\u00e1ficas<\/p>\t\t\t\t\t\t\t\t<\/div>\n\t\t\t\t<\/div>\n\t\t\t\t<div class=\"elementor-element elementor-element-ebe6a83 elementor-align-center elementor-widget elementor-widget-button\" data-id=\"ebe6a83\" data-element_type=\"widget\" data-widget_type=\"button.default\">\n\t\t\t\t<div class=\"elementor-widget-container\">\n\t\t\t\t\t\t\t\t\t<div class=\"elementor-button-wrapper\">\n\t\t\t\t\t<a class=\"elementor-button elementor-button-link elementor-size-sm elementor-animation-grow\" href=\"https:\/\/congreso.unibe.edu.ec\/wp-content\/uploads\/2023\/04\/Plantilla-Revista-Qualitas-Congreso-2023.docx\">\n\t\t\t\t\t\t<span class=\"elementor-button-content-wrapper\">\n\t\t\t\t\t\t<span class=\"elementor-button-icon\">\n\t\t\t\t<i aria-hidden=\"true\" class=\"fas fa-arrow-down\"><\/i>\t\t\t<\/span>\n\t\t\t\t\t\t\t\t\t<span class=\"elementor-button-text\">Descarga Plantilla de Revista Qualitas<\/span>\n\t\t\t\t\t<\/span>\n\t\t\t\t\t<\/a>\n\t\t\t\t<\/div>\n\t\t\t\t\t\t\t\t<\/div>\n\t\t\t\t<\/div>\n\t\t\t\t\t<\/div>\n\t\t<\/div>\n\t\t\t\t\t<\/div>\n\t\t<\/section>\n\t\t\t\t<\/div>\n\t\t","protected":false},"excerpt":{"rendered":"<p>NORMAS Las ponencias ser\u00e1n evaluadas mediante un panel de expertos modalidad doble ciego, especializados en cada una de las disciplinas cubiertas en el congreso, encargados de realizar la revisi\u00f3n t\u00e9cnica de los documentos y de emitir un veredicto de aceptado o rechazado. Las ponencias se presentar\u00e1n en correspondencia con las tem\u00e1ticas formuladas teniendo en cuenta [&hellip;]<\/p>\n","protected":false},"author":1,"featured_media":0,"parent":0,"menu_order":0,"comment_status":"closed","ping_status":"closed","template":"page-templates\/full-width-page.php","meta":{"footnotes":""},"class_list":["post-265","page","type-page","status-publish","hentry"],"_links":{"self":[{"href":"https:\/\/congreso.unibe.edu.ec\/index.php?rest_route=\/wp\/v2\/pages\/265","targetHints":{"allow":["GET"]}}],"collection":[{"href":"https:\/\/congreso.unibe.edu.ec\/index.php?rest_route=\/wp\/v2\/pages"}],"about":[{"href":"https:\/\/congreso.unibe.edu.ec\/index.php?rest_route=\/wp\/v2\/types\/page"}],"author":[{"embeddable":true,"href":"https:\/\/congreso.unibe.edu.ec\/index.php?rest_route=\/wp\/v2\/users\/1"}],"replies":[{"embeddable":true,"href":"https:\/\/congreso.unibe.edu.ec\/index.php?rest_route=%2Fwp%2Fv2%2Fcomments&post=265"}],"version-history":[{"count":20,"href":"https:\/\/congreso.unibe.edu.ec\/index.php?rest_route=\/wp\/v2\/pages\/265\/revisions"}],"predecessor-version":[{"id":2592,"href":"https:\/\/congreso.unibe.edu.ec\/index.php?rest_route=\/wp\/v2\/pages\/265\/revisions\/2592"}],"wp:attachment":[{"href":"https:\/\/congreso.unibe.edu.ec\/index.php?rest_route=%2Fwp%2Fv2%2Fmedia&parent=265"}],"curies":[{"name":"wp","href":"https:\/\/api.w.org\/{rel}","templated":true}]}}